{"id":22,"date":"2021-11-03T13:07:13","date_gmt":"2021-11-03T10:07:13","guid":{"rendered":"https:\/\/sungroups.com.tr\/?page_id=22"},"modified":"2021-11-10T21:20:10","modified_gmt":"2021-11-10T18:20:10","slug":"hakkimizda","status":"publish","type":"page","link":"https:\/\/sungroups.com.tr\/index.php\/hakkimizda\/","title":{"rendered":"Hakk\u0131m\u0131zda"},"content":{"rendered":"\t\t<div data-elementor-type=\"wp-page\" data-elementor-id=\"22\" class=\"elementor elementor-22\" data-elementor-post-type=\"page\">\n\t\t\t\t\t\t<section class=\"elementor-section elementor-top-section elementor-element elementor-element-11fbda0 elementor-section-full_width elementor-section-height-default elementor-section-height-default\" data-id=\"11fbda0\" data-element_type=\"section\">\n\t\t\t\t\t\t<div class=\"elementor-container elementor-column-gap-default\">\n\t\t\t\t\t<div class=\"elementor-column elementor-col-100 elementor-top-column elementor-element elementor-element-0a6072f\" data-id=\"0a6072f\" data-element_type=\"column\">\n\t\t\t<div class=\"elementor-widget-wrap elementor-element-populated\">\n\t\t\t\t\t\t<div class=\"elementor-element elementor-element-a36f597 elementor-widget elementor-widget-image\" data-id=\"a36f597\" data-element_type=\"widget\" data-widget_type=\"image.default\">\n\t\t\t\t<div class=\"elementor-widget-container\">\n\t\t\t<style>\/*! elementor - v3.23.0 - 05-08-2024 *\/\n.elementor-widget-image{text-align:center}.elementor-widget-image a{display:inline-block}.elementor-widget-image a img[src$=\".svg\"]{width:48px}.elementor-widget-image img{vertical-align:middle;display:inline-block}<\/style>\t\t\t\t\t\t\t\t\t\t<img fetchpriority=\"high\" decoding=\"async\" width=\"2560\" height=\"852\" src=\"https:\/\/sungroups.com.tr\/wp-content\/uploads\/2021\/11\/aboutbanner-scaled.jpg\" class=\"attachment-full size-full wp-image-140\" alt=\"\" srcset=\"https:\/\/sungroups.com.tr\/wp-content\/uploads\/2021\/11\/aboutbanner-scaled.jpg 2560w, https:\/\/sungroups.com.tr\/wp-content\/uploads\/2021\/11\/aboutbanner-300x100.jpg 300w, https:\/\/sungroups.com.tr\/wp-content\/uploads\/2021\/11\/aboutbanner-1024x341.jpg 1024w, https:\/\/sungroups.com.tr\/wp-content\/uploads\/2021\/11\/aboutbanner-768x256.jpg 768w, https:\/\/sungroups.com.tr\/wp-content\/uploads\/2021\/11\/aboutbanner-1536x511.jpg 1536w, https:\/\/sungroups.com.tr\/wp-content\/uploads\/2021\/11\/aboutbanner-2048x682.jpg 2048w\" sizes=\"(max-width: 2560px) 100vw, 2560px\" \/>\t\t\t\t\t\t\t\t\t\t\t\t\t<\/div>\n\t\t\t\t<\/div>\n\t\t\t\t\t<\/div>\n\t\t<\/div>\n\t\t\t\t\t<\/div>\n\t\t<\/section>\n\t\t\t\t<section class=\"elementor-section elementor-top-section elementor-element elementor-element-4bb87e50 elementor-section-boxed elementor-section-height-default elementor-section-height-default\" data-id=\"4bb87e50\" data-element_type=\"section\">\n\t\t\t\t\t\t<div class=\"elementor-container elementor-column-gap-default\">\n\t\t\t\t\t<div class=\"elementor-column elementor-col-100 elementor-top-column elementor-element elementor-element-78a82e19\" data-id=\"78a82e19\" data-element_type=\"column\">\n\t\t\t<div class=\"elementor-widget-wrap elementor-element-populated\">\n\t\t\t\t\t\t<div class=\"elementor-element elementor-element-212fd9b4 elementor-widget elementor-widget-text-editor\" data-id=\"212fd9b4\" data-element_type=\"widget\" data-widget_type=\"text-editor.default\">\n\t\t\t\t<div class=\"elementor-widget-container\">\n\t\t\t<style>\/*! elementor - v3.23.0 - 05-08-2024 *\/\n.elementor-widget-text-editor.elementor-drop-cap-view-stacked .elementor-drop-cap{background-color:#69727d;color:#fff}.elementor-widget-text-editor.elementor-drop-cap-view-framed .elementor-drop-cap{color:#69727d;border:3px solid;background-color:transparent}.elementor-widget-text-editor:not(.elementor-drop-cap-view-default) .elementor-drop-cap{margin-top:8px}.elementor-widget-text-editor:not(.elementor-drop-cap-view-default) .elementor-drop-cap-letter{width:1em;height:1em}.elementor-widget-text-editor .elementor-drop-cap{float:left;text-align:center;line-height:1;font-size:50px}.elementor-widget-text-editor .elementor-drop-cap-letter{display:inline-block}<\/style>\t\t\t\t<h2 style=\"text-align: center;\">Sun Group\u00a0<\/h2><p style=\"text-align: justify;\">Sun Group Company, artan talebi nedeniyle, ambalaj, hijyen ve ev gibi \u00e7e\u015fitli kullan\u0131mlar i\u00e7in soft ve hard PVC film ve s\u00fcper film \u00fcr\u00fcnlerini T\u00fcrkiye&#8217;de en iyi kalitesiyle ithal etmekten ve da\u011f\u0131tmaktan gurur duymaktad\u0131r ve yak\u0131n bir gelecekte , bahsi ge\u00e7en \u00fcr\u00fcnleri d\u00fcnyan\u0131n en modern makineler ile en y\u00fcksek kalitede T\u00fcrkiye&#8217;de \u00fcretmeye ba\u015flayacakt\u0131r. Firma, bahsi ge\u00e7en PVC \u00fcr\u00fcnleri i\u00e7in T\u00fcrkiye&#8217;nin ihtiyac\u0131n\u0131 tam olarak kar\u015f\u0131lamaya \u00e7al\u0131\u015f\u0131yor.<br \/>Bu ama\u00e7la bu firmada a\u015fa\u011f\u0131daki kalite hedeflerinin planlanmas\u0131 ve uygulanmas\u0131 ciddi bir \u015fekilde takip edilmektedir.<br \/>* \u00dcr\u00fcn kalitesi ve Di\u011fer ilgili hizmetler ile t\u00fcketicilerin memnuniyetini art\u0131rmak<br \/>* \u00dcr\u00fcnlerin kalitesini ve miktar\u0131n\u0131 y\u00fckseltmek<br \/>* Talepleri belirleyerek i\u00e7 ve d\u0131\u015f pazarlar\u0131 korumak ve geli\u015ftirmek<br \/>* Kirleticileri ve kirlilik t\u00fcrlerini azaltmak ve \u00fcretimi art\u0131rarak art\u0131\u015flar\u0131n\u0131 \u00f6nlemek<br \/>Bu politika, \u015firketin \u00fcst d\u00fczey y\u00f6neticisinin kalite, g\u00fcvenlik, sa\u011fl\u0131k ve \u00e7evre kategorisine \u00f6zel ba\u011fl\u0131l\u0131\u011f\u0131n\u0131 ve istenen sistemin \u015firketle birlikte uygulanmas\u0131 ve s\u00fcrd\u00fcr\u00fclmesi sorumlulu\u011funu ifade eder. Bu nedenle t\u00fcm personelin tam bir i\u015fbirli\u011fi i\u00e7inde \u00e7al\u0131\u015fmas\u0131 ve bu konuda etkinli\u011fin geli\u015ftirilmesi ve art\u0131r\u0131lmas\u0131 gerekmektedir.<\/p>\t\t\t\t\t\t<\/div>\n\t\t\t\t<\/div>\n\t\t\t\t\t<\/div>\n\t\t<\/div>\n\t\t\t\t\t<\/div>\n\t\t<\/section>\n\t\t\t\t<section class=\"elementor-section elementor-top-section elementor-element elementor-element-52df92d0 elementor-section-boxed elementor-section-height-default elementor-section-height-default\" data-id=\"52df92d0\" data-element_type=\"section\" data-settings=\"{&quot;background_background&quot;:&quot;classic&quot;}\">\n\t\t\t\t\t\t<div class=\"elementor-container elementor-column-gap-default\">\n\t\t\t\t\t<div class=\"elementor-column elementor-col-50 elementor-top-column elementor-element elementor-element-325e609a\" data-id=\"325e609a\" data-element_type=\"column\">\n\t\t\t<div class=\"elementor-widget-wrap elementor-element-populated\">\n\t\t\t\t\t\t<div class=\"elementor-element elementor-element-46ac6718 elementor-widget elementor-widget-heading\" data-id=\"46ac6718\" data-element_type=\"widget\" data-widget_type=\"heading.default\">\n\t\t\t\t<div class=\"elementor-widget-container\">\n\t\t\t<style>\/*! elementor - v3.23.0 - 05-08-2024 *\/\n.elementor-heading-title{padding:0;margin:0;line-height:1}.elementor-widget-heading .elementor-heading-title[class*=elementor-size-]>a{color:inherit;font-size:inherit;line-height:inherit}.elementor-widget-heading .elementor-heading-title.elementor-size-small{font-size:15px}.elementor-widget-heading .elementor-heading-title.elementor-size-medium{font-size:19px}.elementor-widget-heading .elementor-heading-title.elementor-size-large{font-size:29px}.elementor-widget-heading .elementor-heading-title.elementor-size-xl{font-size:39px}.elementor-widget-heading .elementor-heading-title.elementor-size-xxl{font-size:59px}<\/style><h2 class=\"elementor-heading-title elementor-size-default\">B\u0131ze Ula\u015f\u0131n <\/h2>\t\t<\/div>\n\t\t\t\t<\/div>\n\t\t\t\t<section class=\"elementor-section elementor-inner-section elementor-element elementor-element-f5a2146 elementor-section-boxed elementor-section-height-default elementor-section-height-default\" data-id=\"f5a2146\" data-element_type=\"section\">\n\t\t\t\t\t\t<div class=\"elementor-container elementor-column-gap-default\">\n\t\t\t\t\t<div class=\"elementor-column elementor-col-100 elementor-inner-column elementor-element elementor-element-503ad14\" data-id=\"503ad14\" data-element_type=\"column\">\n\t\t\t<div class=\"elementor-widget-wrap elementor-element-populated\">\n\t\t\t\t\t\t<div class=\"elementor-element elementor-element-3b5db64 elementor-widget elementor-widget-text-editor\" data-id=\"3b5db64\" data-element_type=\"widget\" data-widget_type=\"text-editor.default\">\n\t\t\t\t<div class=\"elementor-widget-container\">\n\t\t\t\t\t\t\t<div class=\"elementor-element elementor-element-73d91eb5 elementor-widget elementor-widget-text-editor\" data-id=\"73d91eb5\" data-element_type=\"widget\" data-widget_type=\"text-editor.default\"><div class=\"elementor-widget-container\"><p><strong><span style=\"color: #be3144;\">Adres:<\/span><\/strong><span style=\"color: #222831;\"> \u015eerefiye Mahallesi Vali Sok. As\u0131r Sitesi No: 3a\u0130\u00e7 Kap\u0131 No: 4 \u0130pekyolu \/ VAN<\/span><\/p><p><strong><span style=\"color: #be3144;\">Telefon Numaras\u0131:<\/span><\/strong> <a href=\"tel:00905441426664\"><span style=\"color: #222831;\">+90 544 142 6664<\/span><\/a><\/p><p><span style=\"color: #be3144;\"><strong>E-Posta<\/strong>:<\/span><a href=\"https:\/\/sungroups.com.tr\/index.php\/iletisim\/\u201dmailto:\"><span style=\"color: #222831;\"> info@sungroups.com.tr<\/span><\/a><\/p><\/div><\/div>\t\t\t\t\t\t<\/div>\n\t\t\t\t<\/div>\n\t\t\t\t\t<\/div>\n\t\t<\/div>\n\t\t\t\t\t<\/div>\n\t\t<\/section>\n\t\t\t\t\t<\/div>\n\t\t<\/div>\n\t\t\t\t<div class=\"elementor-column elementor-col-50 elementor-top-column elementor-element elementor-element-7001734a\" data-id=\"7001734a\" data-element_type=\"column\">\n\t\t\t<div class=\"elementor-widget-wrap elementor-element-populated\">\n\t\t\t\t\t\t<div class=\"elementor-element elementor-element-2a461a93 elementor-widget elementor-widget-heading\" data-id=\"2a461a93\" data-element_type=\"widget\" data-widget_type=\"heading.default\">\n\t\t\t\t<div class=\"elementor-widget-container\">\n\t\t\t<h2 class=\"elementor-heading-title elementor-size-default\">Sosyal medya<\/h2>\t\t<\/div>\n\t\t\t\t<\/div>\n\t\t\t\t<section class=\"elementor-section elementor-inner-section elementor-element elementor-element-12884c4 elementor-section-boxed elementor-section-height-default elementor-section-height-default\" data-id=\"12884c4\" data-element_type=\"section\">\n\t\t\t\t\t\t<div class=\"elementor-container elementor-column-gap-default\">\n\t\t\t\t\t<div class=\"elementor-column elementor-col-100 elementor-inner-column elementor-element elementor-element-c6cac5f\" data-id=\"c6cac5f\" data-element_type=\"column\">\n\t\t\t<div class=\"elementor-widget-wrap elementor-element-populated\">\n\t\t\t\t\t\t<div class=\"elementor-element elementor-element-3042999 elementor-widget elementor-widget-text-editor\" data-id=\"3042999\" data-element_type=\"widget\" data-widget_type=\"text-editor.default\">\n\t\t\t\t<div class=\"elementor-widget-container\">\n\t\t\t\t\t\t\t<div class=\"elementor-element elementor-element-2ae08bc elementor-align-center elementor-icon-list--layout-traditional elementor-list-item-link-full_width elementor-widget elementor-widget-icon-list\" data-id=\"2ae08bc\" data-element_type=\"widget\" data-widget_type=\"icon-list.default\"><div class=\"elementor-widget-container\"><ul class=\"elementor-icon-list-items\"><li class=\"elementor-icon-list-item\"><h5><a href=\"https:\/\/www.instagram.com\/sun.groups\/\" target=\"_blank\" rel=\"noopener\"> <i class=\"fab fa-instagram\" aria-hidden=\"true\"><\/i> <span class=\"elementor-icon-list-text\" style=\"color: #222831;\">sun.groups <\/span><\/a><\/h5><\/li><li class=\"elementor-icon-list-item\"><h5><a href=\"https:\/\/api.whatsapp.com\/send?phone=00905441426664\" target=\"_blank\" rel=\"noopener\"> <i class=\"fab fa-whatsapp\" aria-hidden=\"true\"><\/i> <span class=\"elementor-icon-list-text\" style=\"color: #222831;\">+90 544 142 6664 <\/span><\/a><\/h5><\/li><\/ul><\/div><\/div>\t\t\t\t\t\t<\/div>\n\t\t\t\t<\/div>\n\t\t\t\t\t<\/div>\n\t\t<\/div>\n\t\t\t\t\t<\/div>\n\t\t<\/section>\n\t\t\t\t\t<\/div>\n\t\t<\/div>\n\t\t\t\t\t<\/div>\n\t\t<\/section>\n\t\t\t\t<\/div>\n\t\t","protected":false},"excerpt":{"rendered":"<p>Sun Group\u00a0 Sun Group Company, artan talebi nedeniyle, ambalaj, hijyen ve ev gibi \u00e7e\u015fitli kullan\u0131mlar i\u00e7in soft ve hard PVC film ve s\u00fcper film \u00fcr\u00fcnlerini T\u00fcrkiye&#8217;de en iyi kalitesiyle ithal etmekten ve da\u011f\u0131tmaktan gurur duymaktad\u0131r ve yak\u0131n bir gelecekte , bahsi ge\u00e7en \u00fcr\u00fcnleri d\u00fcnyan\u0131n en modern makineler ile en y\u00fcksek kalitede T\u00fcrkiye&#8217;de \u00fcretmeye ba\u015flayacakt\u0131r. Firma, [&hellip;]<\/p>\n","protected":false},"author":1,"featured_media":0,"parent":0,"menu_order":0,"comment_status":"closed","ping_status":"closed","template":"","meta":{"footnotes":""},"class_list":["post-22","page","type-page","status-publish","hentry"],"_links":{"self":[{"href":"https:\/\/sungroups.com.tr\/index.php\/wp-json\/wp\/v2\/pages\/22"}],"collection":[{"href":"https:\/\/sungroups.com.tr\/index.php\/wp-json\/wp\/v2\/pages"}],"about":[{"href":"https:\/\/sungroups.com.tr\/index.php\/wp-json\/wp\/v2\/types\/page"}],"author":[{"embeddable":true,"href":"https:\/\/sungroups.com.tr\/index.php\/wp-json\/wp\/v2\/users\/1"}],"replies":[{"embeddable":true,"href":"https:\/\/sungroups.com.tr\/index.php\/wp-json\/wp\/v2\/comments?post=22"}],"version-history":[{"count":19,"href":"https:\/\/sungroups.com.tr\/index.php\/wp-json\/wp\/v2\/pages\/22\/revisions"}],"predecessor-version":[{"id":418,"href":"https:\/\/sungroups.com.tr\/index.php\/wp-json\/wp\/v2\/pages\/22\/revisions\/418"}],"wp:attachment":[{"href":"https:\/\/sungroups.com.tr\/index.php\/wp-json\/wp\/v2\/media?parent=22"}],"curies":[{"name":"wp","href":"https:\/\/api.w.org\/{rel}","templated":true}]}}