{"id":253,"date":"2021-11-09T11:11:52","date_gmt":"2021-11-09T08:11:52","guid":{"rendered":"https:\/\/sungroups.com.tr\/?page_id=253"},"modified":"2021-11-10T21:52:35","modified_gmt":"2021-11-10T18:52:35","slug":"about-us","status":"publish","type":"page","link":"https:\/\/sungroups.com.tr\/index.php\/about-us\/?lang=en","title":{"rendered":"About us"},"content":{"rendered":"\t\t<div data-elementor-type=\"wp-page\" data-elementor-id=\"253\" class=\"elementor elementor-253 elementor-22\" data-elementor-post-type=\"page\">\n\t\t\t\t\t\t<section class=\"elementor-section elementor-top-section elementor-element elementor-element-11fbda0 elementor-section-full_width elementor-section-height-default elementor-section-height-default\" data-id=\"11fbda0\" data-element_type=\"section\">\n\t\t\t\t\t\t<div class=\"elementor-container elementor-column-gap-default\">\n\t\t\t\t\t<div class=\"elementor-column elementor-col-100 elementor-top-column elementor-element elementor-element-0a6072f\" data-id=\"0a6072f\" data-element_type=\"column\">\n\t\t\t<div class=\"elementor-widget-wrap elementor-element-populated\">\n\t\t\t\t\t\t<div class=\"elementor-element elementor-element-a36f597 elementor-widget elementor-widget-image\" data-id=\"a36f597\" data-element_type=\"widget\" data-widget_type=\"image.default\">\n\t\t\t\t<div class=\"elementor-widget-container\">\n\t\t\t<style>\/*! elementor - v3.23.0 - 05-08-2024 *\/\n.elementor-widget-image{text-align:center}.elementor-widget-image a{display:inline-block}.elementor-widget-image a img[src$=\".svg\"]{width:48px}.elementor-widget-image img{vertical-align:middle;display:inline-block}<\/style>\t\t\t\t\t\t\t\t\t\t<img fetchpriority=\"high\" decoding=\"async\" width=\"2560\" height=\"852\" src=\"https:\/\/sungroups.com.tr\/wp-content\/uploads\/2021\/11\/aboutbanner-scaled.jpg\" class=\"attachment-full size-full wp-image-140\" alt=\"\" srcset=\"https:\/\/sungroups.com.tr\/wp-content\/uploads\/2021\/11\/aboutbanner-scaled.jpg 2560w, https:\/\/sungroups.com.tr\/wp-content\/uploads\/2021\/11\/aboutbanner-300x100.jpg 300w, https:\/\/sungroups.com.tr\/wp-content\/uploads\/2021\/11\/aboutbanner-1024x341.jpg 1024w, https:\/\/sungroups.com.tr\/wp-content\/uploads\/2021\/11\/aboutbanner-768x256.jpg 768w, https:\/\/sungroups.com.tr\/wp-content\/uploads\/2021\/11\/aboutbanner-1536x511.jpg 1536w, https:\/\/sungroups.com.tr\/wp-content\/uploads\/2021\/11\/aboutbanner-2048x682.jpg 2048w\" sizes=\"(max-width: 2560px) 100vw, 2560px\" \/>\t\t\t\t\t\t\t\t\t\t\t\t\t<\/div>\n\t\t\t\t<\/div>\n\t\t\t\t\t<\/div>\n\t\t<\/div>\n\t\t\t\t\t<\/div>\n\t\t<\/section>\n\t\t\t\t<section class=\"elementor-section elementor-top-section elementor-element elementor-element-4bb87e50 elementor-section-boxed elementor-section-height-default elementor-section-height-default\" data-id=\"4bb87e50\" data-element_type=\"section\">\n\t\t\t\t\t\t<div class=\"elementor-container elementor-column-gap-default\">\n\t\t\t\t\t<div class=\"elementor-column elementor-col-100 elementor-top-column elementor-element elementor-element-78a82e19\" data-id=\"78a82e19\" data-element_type=\"column\">\n\t\t\t<div class=\"elementor-widget-wrap elementor-element-populated\">\n\t\t\t\t\t\t<div class=\"elementor-element elementor-element-212fd9b4 elementor-widget elementor-widget-text-editor\" data-id=\"212fd9b4\" data-element_type=\"widget\" data-widget_type=\"text-editor.default\">\n\t\t\t\t<div class=\"elementor-widget-container\">\n\t\t\t<style>\/*! elementor - v3.23.0 - 05-08-2024 *\/\n.elementor-widget-text-editor.elementor-drop-cap-view-stacked .elementor-drop-cap{background-color:#69727d;color:#fff}.elementor-widget-text-editor.elementor-drop-cap-view-framed .elementor-drop-cap{color:#69727d;border:3px solid;background-color:transparent}.elementor-widget-text-editor:not(.elementor-drop-cap-view-default) .elementor-drop-cap{margin-top:8px}.elementor-widget-text-editor:not(.elementor-drop-cap-view-default) .elementor-drop-cap-letter{width:1em;height:1em}.elementor-widget-text-editor .elementor-drop-cap{float:left;text-align:center;line-height:1;font-size:50px}.elementor-widget-text-editor .elementor-drop-cap-letter{display:inline-block}<\/style>\t\t\t\t<h2 style=\"text-align: center;\"><span style=\"vertical-align: inherit;\"><span style=\"vertical-align: inherit;\">Sun Group\u00a0<\/span><\/span><\/h2><p style=\"text-align: justify;\">Sun Group Company is proud to import soft and hard PVC film and super film products for various uses such as packaging, hygiene and home, etc. due to the growing demand, with the best quality . In the near future, We will start the production of the mentioned products with the highest quality using the most modern machines in the world . The company is trying to fully meet the needs of Turkey for the mentioned PVC products.<br \/>For this purpose, the planning and implementation of the following quality objectives in this company is seriously pursued.<br \/>* Increase consumer satisfaction of consumers with the quality of goods and services<br \/>* Upgrade the quality and quantity of products<br \/>* Maintaining and developing domestic and foreign markets by identifying demands<br \/>* Reducing pollutants and types of pollution and preventing their increase by increasing\u00a0This policy expresses commitment of the senior manager of the company to quality, safety, health and environment and the responsibility of implementing and maintaining the desired system lies with the company. This, all personnel are required to work with full cooperation to develop and increase effectiveness in this regard.<\/p>\t\t\t\t\t\t<\/div>\n\t\t\t\t<\/div>\n\t\t\t\t\t<\/div>\n\t\t<\/div>\n\t\t\t\t\t<\/div>\n\t\t<\/section>\n\t\t\t\t<section class=\"elementor-section elementor-top-section elementor-element elementor-element-1e036815 elementor-section-boxed elementor-section-height-default elementor-section-height-default\" data-id=\"1e036815\" data-element_type=\"section\" data-settings=\"{&quot;background_background&quot;:&quot;classic&quot;}\">\n\t\t\t\t\t\t<div class=\"elementor-container elementor-column-gap-default\">\n\t\t\t\t\t<div class=\"elementor-column elementor-col-50 elementor-top-column elementor-element elementor-element-2d60c2d7\" data-id=\"2d60c2d7\" data-element_type=\"column\">\n\t\t\t<div class=\"elementor-widget-wrap elementor-element-populated\">\n\t\t\t\t\t\t<div class=\"elementor-element elementor-element-3c0753b6 elementor-widget elementor-widget-heading\" data-id=\"3c0753b6\" data-element_type=\"widget\" data-widget_type=\"heading.default\">\n\t\t\t\t<div class=\"elementor-widget-container\">\n\t\t\t<style>\/*! elementor - v3.23.0 - 05-08-2024 *\/\n.elementor-heading-title{padding:0;margin:0;line-height:1}.elementor-widget-heading .elementor-heading-title[class*=elementor-size-]>a{color:inherit;font-size:inherit;line-height:inherit}.elementor-widget-heading .elementor-heading-title.elementor-size-small{font-size:15px}.elementor-widget-heading .elementor-heading-title.elementor-size-medium{font-size:19px}.elementor-widget-heading .elementor-heading-title.elementor-size-large{font-size:29px}.elementor-widget-heading .elementor-heading-title.elementor-size-xl{font-size:39px}.elementor-widget-heading .elementor-heading-title.elementor-size-xxl{font-size:59px}<\/style><h2 class=\"elementor-heading-title elementor-size-default\">Contact us<\/h2>\t\t<\/div>\n\t\t\t\t<\/div>\n\t\t\t\t<section class=\"elementor-section elementor-inner-section elementor-element elementor-element-39eb13ba elementor-section-boxed elementor-section-height-default elementor-section-height-default\" data-id=\"39eb13ba\" data-element_type=\"section\">\n\t\t\t\t\t\t<div class=\"elementor-container elementor-column-gap-default\">\n\t\t\t\t\t<div class=\"elementor-column elementor-col-100 elementor-inner-column elementor-element elementor-element-e5b935f\" data-id=\"e5b935f\" data-element_type=\"column\">\n\t\t\t<div class=\"elementor-widget-wrap elementor-element-populated\">\n\t\t\t\t\t\t<div class=\"elementor-element elementor-element-7b5ebb84 elementor-widget elementor-widget-text-editor\" data-id=\"7b5ebb84\" data-element_type=\"widget\" data-widget_type=\"text-editor.default\">\n\t\t\t\t<div class=\"elementor-widget-container\">\n\t\t\t\t\t\t\t<div class=\"elementor-element elementor-element-73d91eb5 elementor-widget elementor-widget-text-editor\" data-id=\"73d91eb5\" data-element_type=\"widget\" data-widget_type=\"text-editor.default\"><div class=\"elementor-widget-container\"><p><strong><span style=\"color: #be3144;\">Adres:<\/span><\/strong><span style=\"color: #222831;\"> \u015eerefiye Mahallesi Vali Sok. As\u0131r Sitesi No: 3a\u0130\u00e7 Kap\u0131 No: 4 \u0130pekyolu \/ VAN<\/span><\/p><p><strong><span style=\"color: #be3144;\">Telefon Numaras\u0131:<\/span><\/strong> <a href=\"tel:00905441426664\"><span style=\"color: #222831;\">+90 544 142 6664<\/span><\/a><\/p><p><span style=\"color: #be3144;\"><strong>E-Posta<\/strong>:<\/span><a href=\"https:\/\/sungroups.com.tr\/index.php\/iletisim\/\u201dmailto:\"><span style=\"color: #222831;\"> info@sungroups.com.tr<\/span><\/a><\/p><\/div><\/div>\t\t\t\t\t\t<\/div>\n\t\t\t\t<\/div>\n\t\t\t\t\t<\/div>\n\t\t<\/div>\n\t\t\t\t\t<\/div>\n\t\t<\/section>\n\t\t\t\t\t<\/div>\n\t\t<\/div>\n\t\t\t\t<div class=\"elementor-column elementor-col-50 elementor-top-column elementor-element elementor-element-4afbc961\" data-id=\"4afbc961\" data-element_type=\"column\">\n\t\t\t<div class=\"elementor-widget-wrap elementor-element-populated\">\n\t\t\t\t\t\t<div class=\"elementor-element elementor-element-73b45b76 elementor-widget elementor-widget-heading\" data-id=\"73b45b76\" data-element_type=\"widget\" data-widget_type=\"heading.default\">\n\t\t\t\t<div class=\"elementor-widget-container\">\n\t\t\t<h2 class=\"elementor-heading-title elementor-size-default\">Social media<\/h2>\t\t<\/div>\n\t\t\t\t<\/div>\n\t\t\t\t<section class=\"elementor-section elementor-inner-section elementor-element elementor-element-410ae437 elementor-section-boxed elementor-section-height-default elementor-section-height-default\" data-id=\"410ae437\" data-element_type=\"section\">\n\t\t\t\t\t\t<div class=\"elementor-container elementor-column-gap-default\">\n\t\t\t\t\t<div class=\"elementor-column elementor-col-100 elementor-inner-column elementor-element elementor-element-6f902fdb\" data-id=\"6f902fdb\" data-element_type=\"column\">\n\t\t\t<div class=\"elementor-widget-wrap elementor-element-populated\">\n\t\t\t\t\t\t<div class=\"elementor-element elementor-element-12d379c8 elementor-widget elementor-widget-text-editor\" data-id=\"12d379c8\" data-element_type=\"widget\" data-widget_type=\"text-editor.default\">\n\t\t\t\t<div class=\"elementor-widget-container\">\n\t\t\t\t\t\t\t<div class=\"elementor-element elementor-element-2ae08bc elementor-align-center elementor-icon-list--layout-traditional elementor-list-item-link-full_width elementor-widget elementor-widget-icon-list\" data-id=\"2ae08bc\" data-element_type=\"widget\" data-widget_type=\"icon-list.default\"><div class=\"elementor-widget-container\"><ul class=\"elementor-icon-list-items\"><li class=\"elementor-icon-list-item\"><h5><a href=\"https:\/\/www.instagram.com\/sun.groups\/\" target=\"_blank\" rel=\"noopener\"> <i class=\"fab fa-instagram\" aria-hidden=\"true\"><\/i> <span class=\"elementor-icon-list-text\" style=\"color: #222831;\">sun.groups <\/span><\/a><\/h5><\/li><li class=\"elementor-icon-list-item\"><h5><a href=\"https:\/\/api.whatsapp.com\/send?phone=00905441426664\" target=\"_blank\" rel=\"noopener\"> <i class=\"fab fa-whatsapp\" aria-hidden=\"true\"><\/i> <span class=\"elementor-icon-list-text\" style=\"color: #222831;\">+90 544 142 6664 <\/span><\/a><\/h5><\/li><\/ul><\/div><\/div>\t\t\t\t\t\t<\/div>\n\t\t\t\t<\/div>\n\t\t\t\t\t<\/div>\n\t\t<\/div>\n\t\t\t\t\t<\/div>\n\t\t<\/section>\n\t\t\t\t\t<\/div>\n\t\t<\/div>\n\t\t\t\t\t<\/div>\n\t\t<\/section>\n\t\t\t\t<\/div>\n\t\t","protected":false},"excerpt":{"rendered":"<p>Sun Group\u00a0 Sun Group Company is proud to import soft and hard PVC film and super film products for various uses such as packaging, hygiene and home, etc. due to the growing demand, with the best quality . In the near future, We will start the production of the mentioned products with the highest quality [&hellip;]<\/p>\n","protected":false},"author":1,"featured_media":0,"parent":0,"menu_order":0,"comment_status":"closed","ping_status":"closed","template":"","meta":{"footnotes":""},"class_list":["post-253","page","type-page","status-publish","hentry"],"_links":{"self":[{"href":"https:\/\/sungroups.com.tr\/index.php\/wp-json\/wp\/v2\/pages\/253"}],"collection":[{"href":"https:\/\/sungroups.com.tr\/index.php\/wp-json\/wp\/v2\/pages"}],"about":[{"href":"https:\/\/sungroups.com.tr\/index.php\/wp-json\/wp\/v2\/types\/page"}],"author":[{"embeddable":true,"href":"https:\/\/sungroups.com.tr\/index.php\/wp-json\/wp\/v2\/users\/1"}],"replies":[{"embeddable":true,"href":"https:\/\/sungroups.com.tr\/index.php\/wp-json\/wp\/v2\/comments?post=253"}],"version-history":[{"count":7,"href":"https:\/\/sungroups.com.tr\/index.php\/wp-json\/wp\/v2\/pages\/253\/revisions"}],"predecessor-version":[{"id":438,"href":"https:\/\/sungroups.com.tr\/index.php\/wp-json\/wp\/v2\/pages\/253\/revisions\/438"}],"wp:attachment":[{"href":"https:\/\/sungroups.com.tr\/index.php\/wp-json\/wp\/v2\/media?parent=253"}],"curies":[{"name":"wp","href":"https:\/\/api.w.org\/{rel}","templated":true}]}}